{"id":202,"date":"2024-04-16T17:15:25","date_gmt":"2024-04-16T17:15:25","guid":{"rendered":"https:\/\/entoscoaching.com\/?page_id=202"},"modified":"2024-04-16T17:15:42","modified_gmt":"2024-04-16T17:15:42","slug":"aviso-de-cookies","status":"publish","type":"page","link":"https:\/\/entoscoaching.com\/es\/aviso-de-cookies\/","title":{"rendered":"Aviso de Cookies"},"content":{"rendered":"\t\t<div data-elementor-type=\"wp-page\" data-elementor-id=\"202\" class=\"elementor elementor-202\" data-elementor-post-type=\"page\">\n\t\t\t\t<div data-particle_enable=\"false\" data-particle-mobile-disabled=\"false\" class=\"elementor-element elementor-element-dd6e6c4 e-flex e-con-boxed e-con e-parent\" data-id=\"dd6e6c4\" data-element_type=\"container\" data-core-v316-plus=\"true\">\n\t\t\t\t\t<div class=\"e-con-inner\">\n\t\t\t\t<div class=\"elementor-element elementor-element-8bc4c3e elementor-widget elementor-widget-heading\" data-id=\"8bc4c3e\" data-element_type=\"widget\" data-widget_type=\"heading.default\">\n\t\t\t\t<div class=\"elementor-widget-container\">\n\t\t\t<style>\/*! elementor - v3.20.0 - 26-03-2024 *\/\n.elementor-heading-title{padding:0;margin:0;line-height:1}.elementor-widget-heading .elementor-heading-title[class*=elementor-size-]>a{color:inherit;font-size:inherit;line-height:inherit}.elementor-widget-heading .elementor-heading-title.elementor-size-small{font-size:15px}.elementor-widget-heading .elementor-heading-title.elementor-size-medium{font-size:19px}.elementor-widget-heading .elementor-heading-title.elementor-size-large{font-size:29px}.elementor-widget-heading .elementor-heading-title.elementor-size-xl{font-size:39px}.elementor-widget-heading .elementor-heading-title.elementor-size-xxl{font-size:59px}<\/style><h2 class=\"elementor-heading-title elementor-size-default\">Aviso de Cookies<\/h2>\t\t<\/div>\n\t\t\t\t<\/div>\n\t\t\t\t\t<\/div>\n\t\t\t\t<\/div>\n\t\t<div data-particle_enable=\"false\" data-particle-mobile-disabled=\"false\" class=\"elementor-element elementor-element-b8b0480 e-flex e-con-boxed e-con e-parent\" data-id=\"b8b0480\" data-element_type=\"container\" data-core-v316-plus=\"true\">\n\t\t\t\t\t<div class=\"e-con-inner\">\n\t\t\t\t<div class=\"elementor-element elementor-element-e11176d elementor-widget elementor-widget-text-editor\" data-id=\"e11176d\" data-element_type=\"widget\" data-widget_type=\"text-editor.default\">\n\t\t\t\t<div class=\"elementor-widget-container\">\n\t\t\t<style>\/*! elementor - v3.20.0 - 26-03-2024 *\/\n.elementor-widget-text-editor.elementor-drop-cap-view-stacked .elementor-drop-cap{background-color:#69727d;color:#fff}.elementor-widget-text-editor.elementor-drop-cap-view-framed .elementor-drop-cap{color:#69727d;border:3px solid;background-color:transparent}.elementor-widget-text-editor:not(.elementor-drop-cap-view-default) .elementor-drop-cap{margin-top:8px}.elementor-widget-text-editor:not(.elementor-drop-cap-view-default) .elementor-drop-cap-letter{width:1em;height:1em}.elementor-widget-text-editor .elementor-drop-cap{float:left;text-align:center;line-height:1;font-size:50px}.elementor-widget-text-editor .elementor-drop-cap-letter{display:inline-block}<\/style>\t\t\t\t<p>Usamos cookies para proveerte del servicio y funciones propuestas en nuestra p\u00e1gina web y para mejorar la experiencia de nuestros usuarios.<\/p><h5>COOKIES DE IDENTIFICACI\u00d3N Y AUTENTICACI\u00d3N.\u200b<\/h5><p>Nombre:\u00a0Sesi\u00f3n HTTP<\/p><p>Uso:\u00a0Identifica la sesi\u00f3n http del usuario. Es com\u00fan en todas las aplicaciones web para identificar peticiones de un usuario en una sesi\u00f3n.\u200b<\/p><h5>COOKIES DE NAVEGACI\u00d3N.\u200b<\/h5><p>Nombre:\u00a0Google Analytics<\/p><p>Uso:\u00a0Permite\u00a0el seguimiento del sitio web mediante la herramienta Google Analytics, que es un servicio proporcionado por Google para obtener informaci\u00f3n de los accesos de los usuarios a los sitios web. Algunos de los datos guardados para an\u00e1lisis posteriores son: n\u00famero de veces que un usuario visita la web, fechas de la primera y \u00faltima visita del usuario, duraci\u00f3n de las visitas, desde qu\u00e9 p\u00e1gina accedi\u00f3 el usuario a la web, qu\u00e9 motor de b\u00fasqueda utiliz\u00f3 el usuario para llegar a la web o qu\u00e9 enlace hizo click, desde qu\u00e9 lugar del mundo accedi\u00f3 el usuario, etc. La configuraci\u00f3n de estas cookies est\u00e1 predeterminada por el servicio ofrecido por Google, por lo que le sugerimos que consulte la p\u00e1gina de privacidad de Google Analytics,\u00a0\u00a0para obtener m\u00e1s informaci\u00f3n de las cookies que utiliza y de c\u00f3mo inhabilitarlas (en el entendido de que no somos responsables ni del contenido ni de la veracidad de los sitios web de terceros).<\/p>\t\t\t\t\t\t<\/div>\n\t\t\t\t<\/div>\n\t\t\t\t\t<\/div>\n\t\t\t\t<\/div>\n\t\t\t\t<\/div>\n\t\t","protected":false},"excerpt":{"rendered":"<p>Aviso de Cookies Usamos cookies para proveerte del servicio y funciones propuestas en nuestra p\u00e1gina web y para mejorar la experiencia de nuestros usuarios. COOKIES DE IDENTIFICACI\u00d3N Y AUTENTICACI\u00d3N.\u200b Nombre:\u00a0Sesi\u00f3n HTTP Uso:\u00a0Identifica la sesi\u00f3n http del usuario. Es com\u00fan en todas las aplicaciones web para identificar peticiones de un usuario en una sesi\u00f3n.\u200b COOKIES DE &hellip;<\/p>\n<p class=\"read-more\"> <a class=\"\" href=\"https:\/\/entoscoaching.com\/es\/aviso-de-cookies\/\"> <span class=\"screen-reader-text\">Aviso de Cookies<\/span> Leer m\u00e1s &raquo;<\/a><\/p>\n","protected":false},"author":1,"featured_media":0,"parent":0,"menu_order":0,"comment_status":"closed","ping_status":"closed","template":"","meta":{"site-sidebar-layout":"no-sidebar","site-content-layout":"page-builder","ast-global-header-display":"","ast-banner-title-visibility":"","ast-main-header-display":"","ast-hfb-above-header-display":"","ast-hfb-below-header-display":"","ast-hfb-mobile-header-display":"","site-post-title":"disabled","ast-breadcrumbs-content":"","ast-featured-img":"disabled","footer-sml-layout":"","theme-transparent-header-meta":"","adv-header-id-meta":"","stick-header-meta":"","header-above-stick-meta":"","header-main-stick-meta":"","header-below-stick-meta":"","footnotes":""},"class_list":["post-202","page","type-page","status-publish","hentry"],"_links":{"self":[{"href":"https:\/\/entoscoaching.com\/es\/wp-json\/wp\/v2\/pages\/202","targetHints":{"allow":["GET"]}}],"collection":[{"href":"https:\/\/entoscoaching.com\/es\/wp-json\/wp\/v2\/pages"}],"about":[{"href":"https:\/\/entoscoaching.com\/es\/wp-json\/wp\/v2\/types\/page"}],"author":[{"embeddable":true,"href":"https:\/\/entoscoaching.com\/es\/wp-json\/wp\/v2\/users\/1"}],"replies":[{"embeddable":true,"href":"https:\/\/entoscoaching.com\/es\/wp-json\/wp\/v2\/comments?post=202"}],"version-history":[{"count":4,"href":"https:\/\/entoscoaching.com\/es\/wp-json\/wp\/v2\/pages\/202\/revisions"}],"predecessor-version":[{"id":206,"href":"https:\/\/entoscoaching.com\/es\/wp-json\/wp\/v2\/pages\/202\/revisions\/206"}],"wp:attachment":[{"href":"https:\/\/entoscoaching.com\/es\/wp-json\/wp\/v2\/media?parent=202"}],"curies":[{"name":"wp","href":"https:\/\/api.w.org\/{rel}","templated":true}]}}